{"id":935,"date":"2025-11-23T07:50:28","date_gmt":"2025-11-23T06:50:28","guid":{"rendered":"https:\/\/rodriguezpsicologa.adrirodrigoj3.es\/?page_id=935"},"modified":"2025-11-28T00:10:41","modified_gmt":"2025-11-27T23:10:41","slug":"parejas","status":"publish","type":"page","link":"https:\/\/rodriguezpsicologa.adrirodrigoj3.es\/en\/parejas\/","title":{"rendered":"Relaciones de pareja"},"content":{"rendered":"<style>.elementor-935 .elementor-element.elementor-element-75f0533{--display:flex;--flex-direction:row;--container-widget-width:calc( ( 1 - var( --container-widget-flex-grow ) ) * 100% );--container-widget-height:100%;--container-widget-flex-grow:1;--container-widget-align-self:stretch;--flex-wrap-mobile:wrap;--align-items:stretch;--gap:10px 10px;--row-gap:10px;--column-gap:10px;--overlay-opacity:0.73;--margin-top:0px;--margin-bottom:0px;--margin-left:0px;--margin-right:0px;--padding-top:100px;--padding-bottom:90px;--padding-left:0px;--padding-right:0px;}.elementor-935 .elementor-element.elementor-element-75f0533:not(.elementor-motion-effects-element-type-background), .elementor-935 .elementor-element.elementor-element-75f0533 > .elementor-motion-effects-container > .elementor-motion-effects-layer{background-color:#AAD3B1;}.elementor-935 .elementor-element.elementor-element-75f0533::before, .elementor-935 .elementor-element.elementor-element-75f0533 > .elementor-background-video-container::before, .elementor-935 .elementor-element.elementor-element-75f0533 > .e-con-inner > .elementor-background-video-container::before, .elementor-935 .elementor-element.elementor-element-75f0533 > .elementor-background-slideshow::before, .elementor-935 .elementor-element.elementor-element-75f0533 > .e-con-inner > .elementor-background-slideshow::before, .elementor-935 .elementor-element.elementor-element-75f0533 > .elementor-motion-effects-container > .elementor-motion-effects-layer::before{--background-overlay:'';}.elementor-935 .elementor-element.elementor-element-5758743{--display:flex;--justify-content:center;--padding-top:0px;--padding-bottom:0px;--padding-left:0px;--padding-right:0px;}.elementor-935 .elementor-element.elementor-element-5758743:not(.elementor-motion-effects-element-type-background), .elementor-935 .elementor-element.elementor-element-5758743 > .elementor-motion-effects-container > .elementor-motion-effects-layer{background-color:#AAD3B1;}.elementor-935 .elementor-element.elementor-element-78454ab{text-align:center;width:var( --container-widget-width, 52% );max-width:52%;--container-widget-width:52%;--container-widget-flex-grow:0;}.elementor-935 .elementor-element.elementor-element-78454ab .elementor-heading-title{font-family:\"Bona Nova\", Sans-serif;font-size:3em;font-weight:500;text-transform:none;line-height:1.2em;color:#000000;}.elementor-935 .elementor-element.elementor-element-78454ab > .elementor-widget-container{margin:0px 0px 0px 0px;padding:0px 0px 0px 0px;}.elementor-935 .elementor-element.elementor-element-78454ab.elementor-element{--align-self:center;}.elementor-935 .elementor-element.elementor-element-336d2e3{text-align:center;font-size:18px;color:#000000;width:var( --container-widget-width, 43% );max-width:43%;--container-widget-width:43%;--container-widget-flex-grow:0;}.elementor-935 .elementor-element.elementor-element-336d2e3.elementor-element{--align-self:center;}.elementor-935 .elementor-element.elementor-element-78bbb2f > .elementor-container{max-width:1140px;}.elementor-935 .elementor-element.elementor-element-78bbb2f:not(.elementor-motion-effects-element-type-background), .elementor-935 .elementor-element.elementor-element-78bbb2f > .elementor-motion-effects-container > .elementor-motion-effects-layer{background-color:#FFFFFF;}.elementor-935 .elementor-element.elementor-element-78bbb2f{transition:background 0.3s, border 0.3s, border-radius 0.3s, box-shadow 0.3s;padding:80px 0px 80px 0px;}.elementor-935 .elementor-element.elementor-element-78bbb2f > .elementor-background-overlay{transition:background 0.3s, border-radius 0.3s, opacity 0.3s;}.elementor-bc-flex-widget .elementor-935 .elementor-element.elementor-element-69ba93b.elementor-column .elementor-widget-wrap{align-items:flex-start;}.elementor-935 .elementor-element.elementor-element-69ba93b.elementor-column.elementor-element[data-element_type=\"column\"] > .elementor-widget-wrap.elementor-element-populated{align-content:flex-start;align-items:flex-start;}.elementor-935 .elementor-element.elementor-element-69ba93b > .elementor-element-populated{margin:0px 60px 0px 0px;--e-column-margin-right:60px;--e-column-margin-left:0px;}.elementor-935 .elementor-element.elementor-element-6559ef6{text-align:start;}.elementor-935 .elementor-element.elementor-element-6559ef6 .elementor-heading-title{font-family:\"Bona Nova\", Sans-serif;font-size:2.2em;font-weight:600;text-transform:none;line-height:1.2em;}.elementor-935 .elementor-element.elementor-element-7ccfd5b{text-align:start;}.elementor-935 .elementor-element.elementor-element-7ccfd5b .elementor-heading-title{font-family:\"Bona Nova\", Sans-serif;font-size:1.3em;font-weight:600;text-transform:none;line-height:1.2em;}.elementor-935 .elementor-element.elementor-element-ca98b3a{font-family:\"Bona Nova\", Sans-serif;color:var( --e-global-color-text );}.elementor-935 .elementor-element.elementor-element-bd48df9{--spacer-size:50px;}.elementor-935 .elementor-element.elementor-element-157bb3a .elementor-button{fill:#000000;color:#000000;background-color:#73AD97;border-radius:10px 10px 10px 10px;}.elementor-935 .elementor-element.elementor-element-6235999:not(.elementor-motion-effects-element-type-background) > .elementor-widget-wrap, .elementor-935 .elementor-element.elementor-element-6235999 > .elementor-widget-wrap > .elementor-motion-effects-container > .elementor-motion-effects-layer{background-color:#000000;background-image:url(\"https:\/\/rodriguezpsicologa.adrirodrigoj3.es\/wp-content\/uploads\/2025\/11\/Trabajo-con-cercania-nat-6.webp\");background-position:center center;background-repeat:no-repeat;background-size:cover;}.elementor-935 .elementor-element.elementor-element-6235999 > .elementor-element-populated >  .elementor-background-overlay{opacity:0.84;}.elementor-935 .elementor-element.elementor-element-6235999 > .elementor-element-populated, .elementor-935 .elementor-element.elementor-element-6235999 > .elementor-element-populated > .elementor-background-overlay, .elementor-935 .elementor-element.elementor-element-6235999 > .elementor-background-slideshow{border-radius:12px 12px 12px 12px;}.elementor-935 .elementor-element.elementor-element-6235999 > .elementor-element-populated{transition:background 0.3s, border 0.3s, border-radius 0.3s, box-shadow 0.3s;padding:12px 0px 0px 0px;}.elementor-935 .elementor-element.elementor-element-6235999 > .elementor-element-populated > .elementor-background-overlay{transition:background 0.3s, border-radius 0.3s, opacity 0.3s;}.elementor-935 .elementor-element.elementor-element-6c48bc3{--spacer-size:50px;}@media(min-width:768px){.elementor-935 .elementor-element.elementor-element-5758743{--width:100%;}}@media(max-width:1024px) and (min-width:768px){.elementor-935 .elementor-element.elementor-element-5758743{--width:100%;}.elementor-935 .elementor-element.elementor-element-69ba93b{width:50%;}.elementor-935 .elementor-element.elementor-element-6235999{width:50%;}}@media(min-width:1025px){.elementor-935 .elementor-element.elementor-element-6235999:not(.elementor-motion-effects-element-type-background) > .elementor-widget-wrap, .elementor-935 .elementor-element.elementor-element-6235999 > .elementor-widget-wrap > .elementor-motion-effects-container > .elementor-motion-effects-layer{background-attachment:fixed;}}@media(max-width:1024px){.elementor-935 .elementor-element.elementor-element-75f0533{--padding-top:0px;--padding-bottom:0px;--padding-left:0px;--padding-right:35px;}.elementor-935 .elementor-element.elementor-element-5758743{--margin-top:00px;--margin-bottom:0px;--margin-left:0px;--margin-right:0px;--padding-top:40px;--padding-bottom:40px;--padding-left:20px;--padding-right:20px;}.elementor-935 .elementor-element.elementor-element-78454ab{text-align:center;--container-widget-width:67%;--container-widget-flex-grow:0;width:var( --container-widget-width, 67% );max-width:67%;}.elementor-935 .elementor-element.elementor-element-78454ab .elementor-heading-title{font-size:40px;}.elementor-935 .elementor-element.elementor-element-78454ab > .elementor-widget-container{padding:50px 0px 0px 0px;}.elementor-935 .elementor-element.elementor-element-336d2e3{font-size:17px;}.elementor-935 .elementor-element.elementor-element-78bbb2f{padding:60px 20px 60px 20px;}.elementor-935 .elementor-element.elementor-element-69ba93b > .elementor-element-populated{margin:0px 0px 0px 0px;--e-column-margin-right:0px;--e-column-margin-left:0px;padding:10px 10px 10px 10px;}.elementor-935 .elementor-element.elementor-element-6559ef6{text-align:start;}.elementor-935 .elementor-element.elementor-element-7ccfd5b{text-align:start;}.elementor-935 .elementor-element.elementor-element-ca98b3a{text-align:start;}.elementor-935 .elementor-element.elementor-element-bd48df9{--spacer-size:40px;}.elementor-935 .elementor-element.elementor-element-6235999 > .elementor-element-populated{margin:0% 0% 0% 0%;--e-column-margin-right:0%;--e-column-margin-left:0%;}.elementor-935 .elementor-element.elementor-element-6c48bc3{--spacer-size:40px;}}@media(max-width:767px){.elementor-935 .elementor-element.elementor-element-75f0533{--min-height:100px;--padding-top:0px;--padding-bottom:0px;--padding-left:0px;--padding-right:0px;}.elementor-935 .elementor-element.elementor-element-78454ab{text-align:center;--container-widget-width:100%;--container-widget-flex-grow:0;width:var( --container-widget-width, 100% );max-width:100%;}.elementor-935 .elementor-element.elementor-element-78454ab .elementor-heading-title{font-size:2.4em;}.elementor-935 .elementor-element.elementor-element-336d2e3{font-size:15px;--container-widget-width:76%;--container-widget-flex-grow:0;width:var( --container-widget-width, 76% );max-width:76%;}.elementor-935 .elementor-element.elementor-element-69ba93b > .elementor-element-populated{margin:0px 0px 0px 0px;--e-column-margin-right:0px;--e-column-margin-left:0px;padding:0px 0px 0px 0px;}.elementor-935 .elementor-element.elementor-element-6559ef6{text-align:center;}.elementor-935 .elementor-element.elementor-element-6559ef6 .elementor-heading-title{font-size:2.1em;}.elementor-935 .elementor-element.elementor-element-7ccfd5b{text-align:center;}.elementor-935 .elementor-element.elementor-element-7ccfd5b .elementor-heading-title{font-size:1.2em;}.elementor-935 .elementor-element.elementor-element-ca98b3a{text-align:center;}.elementor-935 .elementor-element.elementor-element-6235999 > .elementor-element-populated{margin:50px 0px 0px 0px;--e-column-margin-right:0px;--e-column-margin-left:0px;padding:0px 0px 0px 0px;}.elementor-935 .elementor-element.elementor-element-6c48bc3{--spacer-size:261px;}}<\/style>\t\t<div data-elementor-type=\"wp-page\" data-elementor-id=\"935\" class=\"elementor elementor-935\" data-elementor-post-type=\"page\">\n\t\t\t\t<div class=\"elementor-element elementor-element-75f0533 e-con-full e-flex e-con e-parent\" data-id=\"75f0533\" data-element_type=\"container\" data-e-type=\"container\" id=\"parejas\" data-settings=\"{&quot;background_background&quot;:&quot;classic&quot;,&quot;background_motion_fx_motion_fx_scrolling&quot;:&quot;yes&quot;,&quot;background_motion_fx_translateY_effect&quot;:&quot;yes&quot;,&quot;background_motion_fx_translateY_speed&quot;:{&quot;unit&quot;:&quot;px&quot;,&quot;size&quot;:4,&quot;sizes&quot;:[]},&quot;background_motion_fx_translateY_affectedRange&quot;:{&quot;unit&quot;:&quot;%&quot;,&quot;size&quot;:&quot;&quot;,&quot;sizes&quot;:{&quot;start&quot;:0,&quot;end&quot;:100}},&quot;background_motion_fx_devices&quot;:[&quot;desktop&quot;,&quot;tablet&quot;,&quot;mobile&quot;]}\">\n\t\t<div class=\"elementor-element elementor-element-5758743 e-con-full e-flex e-con e-child\" data-id=\"5758743\" data-element_type=\"container\" data-e-type=\"container\" data-settings=\"{&quot;background_background&quot;:&quot;classic&quot;}\">\n\t\t\t\t<div class=\"elementor-element elementor-element-78454ab elementor-widget__width-initial elementor-widget elementor-widget-heading\" data-id=\"78454ab\" data-element_type=\"widget\" data-e-type=\"widget\" data-widget_type=\"heading.default\">\n\t\t\t\t<div class=\"elementor-widget-container\">\n\t\t\t\t\t<h1 class=\"elementor-heading-title elementor-size-default\">Conflictos relacionales<\/h1>\t\t\t\t<\/div>\n\t\t\t\t<\/div>\n\t\t\t\t<div class=\"elementor-element elementor-element-336d2e3 elementor-widget__width-initial elementor-widget elementor-widget-text-editor\" data-id=\"336d2e3\" data-element_type=\"widget\" data-e-type=\"widget\" data-widget_type=\"text-editor.default\">\n\t\t\t\t<div class=\"elementor-widget-container\">\n\t\t\t\t\t\t\t\t\t<p><i><span style=\"font-weight: 400;\">\u00abCuando los puentes se tambalean y necesitamos aprender a volver a encontrarnos.\u00bb<\/span><\/i><\/p>\t\t\t\t\t\t\t\t<\/div>\n\t\t\t\t<\/div>\n\t\t\t\t<\/div>\n\t\t\t\t<\/div>\n\t\t\t\t<section class=\"elementor-section elementor-top-section elementor-element elementor-element-78bbb2f elementor-section-boxed elementor-section-height-default elementor-section-height-default\" data-id=\"78bbb2f\" data-element_type=\"section\" data-e-type=\"section\" data-settings=\"{&quot;background_background&quot;:&quot;classic&quot;}\">\n\t\t\t\t\t\t<div class=\"elementor-container elementor-column-gap-default\">\n\t\t\t\t\t<div class=\"elementor-column elementor-col-50 elementor-top-column elementor-element elementor-element-69ba93b\" data-id=\"69ba93b\" data-element_type=\"column\" data-e-type=\"column\">\n\t\t\t<div class=\"elementor-widget-wrap elementor-element-populated\">\n\t\t\t\t\t\t<div class=\"elementor-element elementor-element-6559ef6 elementor-widget elementor-widget-heading\" data-id=\"6559ef6\" data-element_type=\"widget\" data-e-type=\"widget\" data-widget_type=\"heading.default\">\n\t\t\t\t<div class=\"elementor-widget-container\">\n\t\t\t\t\t<h2 class=\"elementor-heading-title elementor-size-default\">Relaciones de pareja<\/h2>\t\t\t\t<\/div>\n\t\t\t\t<\/div>\n\t\t\t\t<div class=\"elementor-element elementor-element-7ccfd5b elementor-widget elementor-widget-heading\" data-id=\"7ccfd5b\" data-element_type=\"widget\" data-e-type=\"widget\" data-widget_type=\"heading.default\">\n\t\t\t\t<div class=\"elementor-widget-container\">\n\t\t\t\t\t<h3 class=\"elementor-heading-title elementor-size-default\">\u2018\u2019Encontrar el equilibrio \u2018\u2019<\/h3>\t\t\t\t<\/div>\n\t\t\t\t<\/div>\n\t\t\t\t<div class=\"elementor-element elementor-element-ca98b3a elementor-widget elementor-widget-text-editor\" data-id=\"ca98b3a\" data-element_type=\"widget\" data-e-type=\"widget\" data-widget_type=\"text-editor.default\">\n\t\t\t\t<div class=\"elementor-widget-container\">\n\t\t\t\t\t\t\t\t\t<p><span style=\"font-weight: 400;\">El bienestar en la relaci\u00f3n de pareja implica que ambos miembros se sientan apoyados, valorados y comprendidos. No significa que nunca haya desacuerdos, sino que ambos pueden comunicarse de manera efectiva, resolver conflictos y trabajar en equipo para superar las dificultades. Una relaci\u00f3n saludable fomenta el crecimiento individual y mutuo, y contribuye al bienestar emocional de ambos.<\/span><\/p><p><span style=\"font-weight: 400;\">Es natural que todas las parejas se enfrenten a desaf\u00edos en alg\u00fan momento. Sin embargo, es crucial identificar cu\u00e1ndo estos problemas pueden estar afectando seriamente tu bienestar emocional y el de tu pareja. La falta de comunicaci\u00f3n, tener conflictos recurrentes que parece que nunca se terminan de resolver, sentir una falta de intimidad con tu pareja o cierto distanciamiento emocional, sentir que hay desigualdad en la relaci\u00f3n, no sentirte valorado o sentir que la relaci\u00f3n no es un lugar seguro para ti donde puedas expresar lo que necesitas pueden ser algunas de las dificultades que puedas estar viviendo.<br \/><\/span><\/p><p><span style=\"font-weight: 400;\">En muchas ocasiones, nos metemos tanto en el d\u00eda a d\u00eda de la pareja que hay veces que ni siquiera sabemos identificar qu\u00e9 aspectos de la relaci\u00f3n nos producen malestar. En otras ocasiones somos capaces de identificarlos pero no sabemos c\u00f3mo hacer para desbloquear la situaci\u00f3n. O incluso nos encontramos en una constante indecisi\u00f3n que no nos deja avanzar.<\/span><\/p><p><span style=\"font-weight: 400;\">Durante mi pr\u00e1ctica profesional me suelo topar con personas que, a la hora de lidiar con sus problemas de pareja, se encuentran son gran\u00a0 sensaci\u00f3n de soledad cuando. Esto, en la mayor\u00eda de las ocasiones, se debe a que tienen miedo de que las personas de su entorno puedan tener una visi\u00f3n negativa de sus parejas, a que las juzguen por su comportamiento o porque se topan con la falta de comprensi\u00f3n de sus seres queridos.\u00a0 En estos casos, tener el apoyo incondicional de un profesional resulta clave ya que tendr\u00e1 una visi\u00f3n sin juicios aportando un entorno seguro y de confianza en el que poder hablar sin tapujos.<\/span><\/p>\t\t\t\t\t\t\t\t<\/div>\n\t\t\t\t<\/div>\n\t\t\t\t<div class=\"elementor-element elementor-element-bd48df9 elementor-widget elementor-widget-spacer\" data-id=\"bd48df9\" data-element_type=\"widget\" data-e-type=\"widget\" data-widget_type=\"spacer.default\">\n\t\t\t\t<div class=\"elementor-widget-container\">\n\t\t\t\t\t\t\t<div class=\"elementor-spacer\">\n\t\t\t<div class=\"elementor-spacer-inner\"><\/div>\n\t\t<\/div>\n\t\t\t\t\t\t<\/div>\n\t\t\t\t<\/div>\n\t\t\t\t<div class=\"elementor-element elementor-element-157bb3a elementor-mobile-align-center elementor-widget elementor-widget-button\" data-id=\"157bb3a\" data-element_type=\"widget\" data-e-type=\"widget\" data-widget_type=\"button.default\">\n\t\t\t\t<div class=\"elementor-widget-container\">\n\t\t\t\t\t\t\t\t\t<div class=\"elementor-button-wrapper\">\n\t\t\t\t\t<a class=\"elementor-button elementor-button-link elementor-size-sm\" href=\"https:\/\/rodriguezpsicologa.adrirodrigoj3.es\/en\/servicios\/\">\n\t\t\t\t\t\t<span class=\"elementor-button-content-wrapper\">\n\t\t\t\t\t\t\t\t\t<span class=\"elementor-button-text\">Servicios<\/span>\n\t\t\t\t\t<\/span>\n\t\t\t\t\t<\/a>\n\t\t\t\t<\/div>\n\t\t\t\t\t\t\t\t<\/div>\n\t\t\t\t<\/div>\n\t\t\t\t\t<\/div>\n\t\t<\/div>\n\t\t\t\t<div class=\"elementor-column elementor-col-50 elementor-top-column elementor-element elementor-element-6235999\" data-id=\"6235999\" data-element_type=\"column\" data-e-type=\"column\" data-settings=\"{&quot;background_background&quot;:&quot;classic&quot;}\">\n\t\t\t<div class=\"elementor-widget-wrap elementor-element-populated\">\n\t\t\t\t\t<div class=\"elementor-background-overlay\"><\/div>\n\t\t\t\t\t\t<div class=\"elementor-element elementor-element-6c48bc3 elementor-widget elementor-widget-spacer\" data-id=\"6c48bc3\" data-element_type=\"widget\" data-e-type=\"widget\" data-widget_type=\"spacer.default\">\n\t\t\t\t<div class=\"elementor-widget-container\">\n\t\t\t\t\t\t\t<div class=\"elementor-spacer\">\n\t\t\t<div class=\"elementor-spacer-inner\"><\/div>\n\t\t<\/div>\n\t\t\t\t\t\t<\/div>\n\t\t\t\t<\/div>\n\t\t\t\t\t<\/div>\n\t\t<\/div>\n\t\t\t\t\t<\/div>\n\t\t<\/section>\n\t\t\t\t<\/div>\n\t\t","protected":false},"excerpt":{"rendered":"<p>Conflictos relacionales \u00abCuando los puentes se tambalean y necesitamos aprender a volver a encontrarnos.\u00bb Relaciones de pareja \u2018\u2019Encontrar el equilibrio \u2018\u2019 El bienestar en la relaci\u00f3n de pareja implica que ambos miembros se sientan apoyados, valorados y comprendidos. No significa que nunca haya desacuerdos, sino que ambos pueden comunicarse de manera efectiva, resolver conflictos y [&hellip;]<\/p>\n","protected":false},"author":7,"featured_media":0,"parent":0,"menu_order":0,"comment_status":"closed","ping_status":"closed","template":"elementor_header_footer","meta":{"footnotes":""},"class_list":["post-935","page","type-page","status-publish","hentry"],"yoast_head":"<!-- This site is optimized with the Yoast SEO plugin v27.4 - https:\/\/yoast.com\/product\/yoast-seo-wordpress\/ -->\n<title>Relaciones de pareja - Rodriguez Psic\u00f3loga<\/title>\n<meta name=\"robots\" content=\"noindex, nofollow\" \/>\n<meta property=\"og:locale\" content=\"en_US\" \/>\n<meta property=\"og:type\" content=\"article\" \/>\n<meta property=\"og:title\" content=\"Relaciones de pareja - Rodriguez Psic\u00f3loga\" \/>\n<meta property=\"og:description\" content=\"Conflictos relacionales \u00abCuando los puentes se tambalean y necesitamos aprender a volver a encontrarnos.\u00bb Relaciones de pareja \u2018\u2019Encontrar el equilibrio \u2018\u2019 El bienestar en la relaci\u00f3n de pareja implica que ambos miembros se sientan apoyados, valorados y comprendidos. No significa que nunca haya desacuerdos, sino que ambos pueden comunicarse de manera efectiva, resolver conflictos y [&hellip;]\" \/>\n<meta property=\"og:url\" content=\"https:\/\/rodriguezpsicologa.adrirodrigoj3.es\/en\/parejas\/\" \/>\n<meta property=\"og:site_name\" content=\"Rodriguez Psic\u00f3loga\" \/>\n<meta property=\"article:modified_time\" content=\"2025-11-27T23:10:41+00:00\" \/>\n<meta name=\"twitter:card\" content=\"summary_large_image\" \/>\n<meta name=\"twitter:label1\" content=\"Est. reading time\" \/>\n\t<meta name=\"twitter:data1\" content=\"2 minutes\" \/>\n<script type=\"application\/ld+json\" class=\"yoast-schema-graph\">{\"@context\":\"https:\\\/\\\/schema.org\",\"@graph\":[{\"@type\":\"WebPage\",\"@id\":\"https:\\\/\\\/rodriguezpsicologa.adrirodrigoj3.es\\\/parejas\\\/\",\"url\":\"https:\\\/\\\/rodriguezpsicologa.adrirodrigoj3.es\\\/parejas\\\/\",\"name\":\"Relaciones de pareja - Rodriguez Psic\u00f3loga\",\"isPartOf\":{\"@id\":\"https:\\\/\\\/rodriguezpsicologa.adrirodrigoj3.es\\\/#website\"},\"datePublished\":\"2025-11-23T06:50:28+00:00\",\"dateModified\":\"2025-11-27T23:10:41+00:00\",\"breadcrumb\":{\"@id\":\"https:\\\/\\\/rodriguezpsicologa.adrirodrigoj3.es\\\/parejas\\\/#breadcrumb\"},\"inLanguage\":\"en-US\",\"potentialAction\":[{\"@type\":\"ReadAction\",\"target\":[\"https:\\\/\\\/rodriguezpsicologa.adrirodrigoj3.es\\\/parejas\\\/\"]}]},{\"@type\":\"BreadcrumbList\",\"@id\":\"https:\\\/\\\/rodriguezpsicologa.adrirodrigoj3.es\\\/parejas\\\/#breadcrumb\",\"itemListElement\":[{\"@type\":\"ListItem\",\"position\":1,\"name\":\"Portada\",\"item\":\"https:\\\/\\\/rodriguezpsicologa.adrirodrigoj3.es\\\/\"},{\"@type\":\"ListItem\",\"position\":2,\"name\":\"Relaciones de pareja\"}]},{\"@type\":\"WebSite\",\"@id\":\"https:\\\/\\\/rodriguezpsicologa.adrirodrigoj3.es\\\/#website\",\"url\":\"https:\\\/\\\/rodriguezpsicologa.adrirodrigoj3.es\\\/\",\"name\":\"Rodriguez Psic\u00f3loga\",\"description\":\"\",\"potentialAction\":[{\"@type\":\"SearchAction\",\"target\":{\"@type\":\"EntryPoint\",\"urlTemplate\":\"https:\\\/\\\/rodriguezpsicologa.adrirodrigoj3.es\\\/?s={search_term_string}\"},\"query-input\":{\"@type\":\"PropertyValueSpecification\",\"valueRequired\":true,\"valueName\":\"search_term_string\"}}],\"inLanguage\":\"en-US\"}]}<\/script>\n<!-- \/ Yoast SEO plugin. -->","yoast_head_json":{"title":"Relaciones de pareja - Rodriguez Psic\u00f3loga","robots":{"index":"noindex","follow":"nofollow"},"og_locale":"en_US","og_type":"article","og_title":"Relaciones de pareja - Rodriguez Psic\u00f3loga","og_description":"Conflictos relacionales \u00abCuando los puentes se tambalean y necesitamos aprender a volver a encontrarnos.\u00bb Relaciones de pareja \u2018\u2019Encontrar el equilibrio \u2018\u2019 El bienestar en la relaci\u00f3n de pareja implica que ambos miembros se sientan apoyados, valorados y comprendidos. No significa que nunca haya desacuerdos, sino que ambos pueden comunicarse de manera efectiva, resolver conflictos y [&hellip;]","og_url":"https:\/\/rodriguezpsicologa.adrirodrigoj3.es\/en\/parejas\/","og_site_name":"Rodriguez Psic\u00f3loga","article_modified_time":"2025-11-27T23:10:41+00:00","twitter_card":"summary_large_image","twitter_misc":{"Est. reading time":"2 minutes"},"schema":{"@context":"https:\/\/schema.org","@graph":[{"@type":"WebPage","@id":"https:\/\/rodriguezpsicologa.adrirodrigoj3.es\/parejas\/","url":"https:\/\/rodriguezpsicologa.adrirodrigoj3.es\/parejas\/","name":"Relaciones de pareja - Rodriguez Psic\u00f3loga","isPartOf":{"@id":"https:\/\/rodriguezpsicologa.adrirodrigoj3.es\/#website"},"datePublished":"2025-11-23T06:50:28+00:00","dateModified":"2025-11-27T23:10:41+00:00","breadcrumb":{"@id":"https:\/\/rodriguezpsicologa.adrirodrigoj3.es\/parejas\/#breadcrumb"},"inLanguage":"en-US","potentialAction":[{"@type":"ReadAction","target":["https:\/\/rodriguezpsicologa.adrirodrigoj3.es\/parejas\/"]}]},{"@type":"BreadcrumbList","@id":"https:\/\/rodriguezpsicologa.adrirodrigoj3.es\/parejas\/#breadcrumb","itemListElement":[{"@type":"ListItem","position":1,"name":"Portada","item":"https:\/\/rodriguezpsicologa.adrirodrigoj3.es\/"},{"@type":"ListItem","position":2,"name":"Relaciones de pareja"}]},{"@type":"WebSite","@id":"https:\/\/rodriguezpsicologa.adrirodrigoj3.es\/#website","url":"https:\/\/rodriguezpsicologa.adrirodrigoj3.es\/","name":"Rodriguez Psic\u00f3loga","description":"","potentialAction":[{"@type":"SearchAction","target":{"@type":"EntryPoint","urlTemplate":"https:\/\/rodriguezpsicologa.adrirodrigoj3.es\/?s={search_term_string}"},"query-input":{"@type":"PropertyValueSpecification","valueRequired":true,"valueName":"search_term_string"}}],"inLanguage":"en-US"}]}},"_links":{"self":[{"href":"https:\/\/rodriguezpsicologa.adrirodrigoj3.es\/en\/wp-json\/wp\/v2\/pages\/935","targetHints":{"allow":["GET"]}}],"collection":[{"href":"https:\/\/rodriguezpsicologa.adrirodrigoj3.es\/en\/wp-json\/wp\/v2\/pages"}],"about":[{"href":"https:\/\/rodriguezpsicologa.adrirodrigoj3.es\/en\/wp-json\/wp\/v2\/types\/page"}],"author":[{"embeddable":true,"href":"https:\/\/rodriguezpsicologa.adrirodrigoj3.es\/en\/wp-json\/wp\/v2\/users\/7"}],"replies":[{"embeddable":true,"href":"https:\/\/rodriguezpsicologa.adrirodrigoj3.es\/en\/wp-json\/wp\/v2\/comments?post=935"}],"version-history":[{"count":13,"href":"https:\/\/rodriguezpsicologa.adrirodrigoj3.es\/en\/wp-json\/wp\/v2\/pages\/935\/revisions"}],"predecessor-version":[{"id":1283,"href":"https:\/\/rodriguezpsicologa.adrirodrigoj3.es\/en\/wp-json\/wp\/v2\/pages\/935\/revisions\/1283"}],"wp:attachment":[{"href":"https:\/\/rodriguezpsicologa.adrirodrigoj3.es\/en\/wp-json\/wp\/v2\/media?parent=935"}],"curies":[{"name":"wp","href":"https:\/\/api.w.org\/{rel}","templated":true}]}}