{"id":1476,"date":"2025-11-28T01:28:35","date_gmt":"2025-11-28T00:28:35","guid":{"rendered":"https:\/\/rodriguezpsicologa.adrirodrigoj3.es\/?page_id=1476"},"modified":"2025-11-28T01:54:18","modified_gmt":"2025-11-28T00:54:18","slug":"terapia-online","status":"publish","type":"page","link":"https:\/\/rodriguezpsicologa.adrirodrigoj3.es\/en\/terapia-online\/","title":{"rendered":"Terapia online"},"content":{"rendered":"<style>.elementor-1476 .elementor-element.elementor-element-a6a7618{--display:flex;--flex-direction:row;--container-widget-width:calc( ( 1 - var( --container-widget-flex-grow ) ) * 100% );--container-widget-height:100%;--container-widget-flex-grow:1;--container-widget-align-self:stretch;--flex-wrap-mobile:wrap;--align-items:stretch;--gap:10px 10px;--row-gap:10px;--column-gap:10px;--overlay-opacity:0.73;--margin-top:0px;--margin-bottom:0px;--margin-left:0px;--margin-right:0px;--padding-top:100px;--padding-bottom:90px;--padding-left:0px;--padding-right:0px;}.elementor-1476 .elementor-element.elementor-element-a6a7618:not(.elementor-motion-effects-element-type-background), .elementor-1476 .elementor-element.elementor-element-a6a7618 > .elementor-motion-effects-container > .elementor-motion-effects-layer{background-color:#AAD3B1;}.elementor-1476 .elementor-element.elementor-element-a6a7618::before, .elementor-1476 .elementor-element.elementor-element-a6a7618 > .elementor-background-video-container::before, .elementor-1476 .elementor-element.elementor-element-a6a7618 > .e-con-inner > .elementor-background-video-container::before, .elementor-1476 .elementor-element.elementor-element-a6a7618 > .elementor-background-slideshow::before, .elementor-1476 .elementor-element.elementor-element-a6a7618 > .e-con-inner > .elementor-background-slideshow::before, .elementor-1476 .elementor-element.elementor-element-a6a7618 > .elementor-motion-effects-container > .elementor-motion-effects-layer::before{--background-overlay:'';}.elementor-1476 .elementor-element.elementor-element-6312380{--display:flex;--justify-content:center;--padding-top:0px;--padding-bottom:0px;--padding-left:0px;--padding-right:0px;}.elementor-1476 .elementor-element.elementor-element-6312380:not(.elementor-motion-effects-element-type-background), .elementor-1476 .elementor-element.elementor-element-6312380 > .elementor-motion-effects-container > .elementor-motion-effects-layer{background-color:#AAD3B1;}.elementor-1476 .elementor-element.elementor-element-718d55b{text-align:center;width:var( --container-widget-width, 40% );max-width:40%;--container-widget-width:40%;--container-widget-flex-grow:0;}.elementor-1476 .elementor-element.elementor-element-718d55b .elementor-heading-title{font-family:\"Bona Nova\", Sans-serif;font-size:3em;font-weight:500;text-transform:none;line-height:1.2em;color:#000000;}.elementor-1476 .elementor-element.elementor-element-718d55b > .elementor-widget-container{margin:0px 0px 0px 0px;padding:0px 0px 0px 0px;}.elementor-1476 .elementor-element.elementor-element-718d55b.elementor-element{--align-self:center;}.elementor-1476 .elementor-element.elementor-element-4acd38e{text-align:center;font-size:18px;color:#000000;width:var( --container-widget-width, 36% );max-width:36%;--container-widget-width:36%;--container-widget-flex-grow:0;}.elementor-1476 .elementor-element.elementor-element-4acd38e.elementor-element{--align-self:center;}.elementor-1476 .elementor-element.elementor-element-ad97c3b{--display:flex;--flex-direction:row;--container-widget-width:calc( ( 1 - var( --container-widget-flex-grow ) ) * 100% );--container-widget-height:100%;--container-widget-flex-grow:1;--container-widget-align-self:stretch;--flex-wrap-mobile:wrap;--align-items:stretch;--gap:10px 10px;--row-gap:10px;--column-gap:10px;--padding-top:80px;--padding-bottom:80px;--padding-left:0px;--padding-right:0px;}.elementor-1476 .elementor-element.elementor-element-ad97c3b:not(.elementor-motion-effects-element-type-background), .elementor-1476 .elementor-element.elementor-element-ad97c3b > .elementor-motion-effects-container > .elementor-motion-effects-layer{background-color:#FFFFFF;}.elementor-1476 .elementor-element.elementor-element-89cfb8c{--display:flex;--justify-content:flex-start;--margin-top:0px;--margin-bottom:0px;--margin-left:0px;--margin-right:60px;}.elementor-1476 .elementor-element.elementor-element-305f062{text-align:start;}.elementor-1476 .elementor-element.elementor-element-305f062 .elementor-heading-title{font-family:\"Bona Nova\", Sans-serif;font-size:2.2em;font-weight:600;text-transform:none;line-height:1.2em;}.elementor-1476 .elementor-element.elementor-element-0bef6f6{font-family:\"Bona Nova\", Sans-serif;color:#4E4D4D;}.elementor-1476 .elementor-element.elementor-element-4872dee p{margin-block-end:2px;}.elementor-1476 .elementor-element.elementor-element-4872dee{color:var( --e-global-color-secondary );}.elementor-1476 .elementor-element.elementor-element-4872dee > .elementor-widget-container{margin:0px 0px 0px 0px;padding:0px 0px 0px 0px;}.elementor-1476 .elementor-element.elementor-element-ea127b5{font-family:\"Bona Nova\", Sans-serif;color:#4E4D4D;}.elementor-1476 .elementor-element.elementor-element-3a69553{--spacer-size:50px;}.elementor-1476 .elementor-element.elementor-element-ecbeb27 .elementor-button{fill:#000000;color:#000000;background-color:#73AD97;border-radius:10px 10px 10px 10px;}.elementor-1476 .elementor-element.elementor-element-ecbeb27 > .elementor-widget-container{margin:0px 0px 0px 0px;padding:0px 0px 0px 0px;}.elementor-1476 .elementor-element.elementor-element-42f40ed{--display:flex;--overlay-opacity:0.84;--border-radius:12px 12px 12px 12px;--padding-top:12px;--padding-bottom:0px;--padding-left:0px;--padding-right:0px;}.elementor-1476 .elementor-element.elementor-element-42f40ed:not(.elementor-motion-effects-element-type-background), .elementor-1476 .elementor-element.elementor-element-42f40ed > .elementor-motion-effects-container > .elementor-motion-effects-layer{background-image:url(\"https:\/\/rodriguezpsicologa.adrirodrigoj3.es\/wp-content\/uploads\/2025\/11\/Trabajo-con-cercania-nat-6.webp\");background-position:center center;background-repeat:no-repeat;background-size:cover;}.elementor-1476 .elementor-element.elementor-element-42f40ed::before, .elementor-1476 .elementor-element.elementor-element-42f40ed > .elementor-background-video-container::before, .elementor-1476 .elementor-element.elementor-element-42f40ed > .e-con-inner > .elementor-background-video-container::before, .elementor-1476 .elementor-element.elementor-element-42f40ed > .elementor-background-slideshow::before, .elementor-1476 .elementor-element.elementor-element-42f40ed > .e-con-inner > .elementor-background-slideshow::before, .elementor-1476 .elementor-element.elementor-element-42f40ed > .elementor-motion-effects-container > .elementor-motion-effects-layer::before{--background-overlay:'';}.elementor-1476 .elementor-element.elementor-element-2358203{--spacer-size:50px;}.elementor-1476 .elementor-element.elementor-element-03c49a8{--display:flex;}.elementor-1476 .elementor-element.elementor-element-197fba5{--spacer-size:50px;}@media(min-width:768px){.elementor-1476 .elementor-element.elementor-element-6312380{--width:100%;}.elementor-1476 .elementor-element.elementor-element-ad97c3b{--content-width:1140px;}}@media(max-width:1024px) and (min-width:768px){.elementor-1476 .elementor-element.elementor-element-6312380{--width:100%;}.elementor-1476 .elementor-element.elementor-element-89cfb8c{--width:100%;}.elementor-1476 .elementor-element.elementor-element-42f40ed{--width:100%;}}@media(min-width:1025px){.elementor-1476 .elementor-element.elementor-element-42f40ed:not(.elementor-motion-effects-element-type-background), .elementor-1476 .elementor-element.elementor-element-42f40ed > .elementor-motion-effects-container > .elementor-motion-effects-layer{background-attachment:fixed;}}@media(max-width:1024px){.elementor-1476 .elementor-element.elementor-element-a6a7618{--padding-top:0px;--padding-bottom:0px;--padding-left:0px;--padding-right:35px;}.elementor-1476 .elementor-element.elementor-element-6312380{--margin-top:00px;--margin-bottom:0px;--margin-left:0px;--margin-right:0px;--padding-top:40px;--padding-bottom:40px;--padding-left:20px;--padding-right:20px;}.elementor-1476 .elementor-element.elementor-element-718d55b{text-align:center;--container-widget-width:67%;--container-widget-flex-grow:0;width:var( --container-widget-width, 67% );max-width:67%;}.elementor-1476 .elementor-element.elementor-element-718d55b .elementor-heading-title{font-size:40px;}.elementor-1476 .elementor-element.elementor-element-718d55b > .elementor-widget-container{padding:50px 0px 0px 0px;}.elementor-1476 .elementor-element.elementor-element-4acd38e{font-size:17px;--container-widget-width:50%;--container-widget-flex-grow:0;width:var( --container-widget-width, 50% );max-width:50%;}.elementor-1476 .elementor-element.elementor-element-ad97c3b{--flex-direction:column-reverse;--container-widget-width:100%;--container-widget-height:initial;--container-widget-flex-grow:0;--container-widget-align-self:initial;--flex-wrap-mobile:wrap;--padding-top:60px;--padding-bottom:60px;--padding-left:20px;--padding-right:20px;}.elementor-1476 .elementor-element.elementor-element-89cfb8c{--margin-top:0px;--margin-bottom:0px;--margin-left:0px;--margin-right:0px;--padding-top:10px;--padding-bottom:10px;--padding-left:10px;--padding-right:10px;}.elementor-1476 .elementor-element.elementor-element-305f062{text-align:start;}.elementor-1476 .elementor-element.elementor-element-0bef6f6{text-align:start;}.elementor-1476 .elementor-element.elementor-element-ea127b5{text-align:start;}.elementor-1476 .elementor-element.elementor-element-3a69553{--spacer-size:40px;}.elementor-1476 .elementor-element.elementor-element-42f40ed{--min-height:261px;--margin-top:0%;--margin-bottom:0%;--margin-left:0%;--margin-right:0%;}}@media(max-width:767px){.elementor-1476 .elementor-element.elementor-element-a6a7618{--min-height:100px;--padding-top:0px;--padding-bottom:0px;--padding-left:0px;--padding-right:0px;}.elementor-1476 .elementor-element.elementor-element-718d55b{text-align:center;--container-widget-width:100%;--container-widget-flex-grow:0;width:var( --container-widget-width, 100% );max-width:100%;}.elementor-1476 .elementor-element.elementor-element-718d55b .elementor-heading-title{font-size:2.4em;}.elementor-1476 .elementor-element.elementor-element-4acd38e{font-size:15px;--container-widget-width:76%;--container-widget-flex-grow:0;width:var( --container-widget-width, 76% );max-width:76%;}.elementor-1476 .elementor-element.elementor-element-ad97c3b{--padding-top:35px;--padding-bottom:35px;--padding-left:15px;--padding-right:15px;}.elementor-1476 .elementor-element.elementor-element-89cfb8c{--margin-top:0px;--margin-bottom:0px;--margin-left:0px;--margin-right:0px;--padding-top:0px;--padding-bottom:0px;--padding-left:0px;--padding-right:0px;}.elementor-1476 .elementor-element.elementor-element-305f062{text-align:center;}.elementor-1476 .elementor-element.elementor-element-305f062 .elementor-heading-title{font-size:2.1em;}.elementor-1476 .elementor-element.elementor-element-0bef6f6{text-align:center;}.elementor-1476 .elementor-element.elementor-element-4872dee{text-align:center;}.elementor-1476 .elementor-element.elementor-element-ea127b5{text-align:center;}.elementor-1476 .elementor-element.elementor-element-42f40ed{--margin-top:50px;--margin-bottom:0px;--margin-left:0px;--margin-right:0px;--padding-top:0px;--padding-bottom:0px;--padding-left:0px;--padding-right:0px;}.elementor-1476 .elementor-element.elementor-element-2358203{--spacer-size:261px;}}<\/style>\t\t<div data-elementor-type=\"wp-page\" data-elementor-id=\"1476\" class=\"elementor elementor-1476\" data-elementor-post-type=\"page\">\n\t\t\t\t<div class=\"elementor-element elementor-element-a6a7618 e-con-full e-flex e-con e-parent\" data-id=\"a6a7618\" data-element_type=\"container\" data-e-type=\"container\" id=\"https:\/\/rodriguezpsicologa.adrirodrigoj3.es\/depresion#depresion\" data-settings=\"{&quot;background_background&quot;:&quot;classic&quot;,&quot;background_motion_fx_motion_fx_scrolling&quot;:&quot;yes&quot;,&quot;background_motion_fx_translateY_effect&quot;:&quot;yes&quot;,&quot;background_motion_fx_translateY_speed&quot;:{&quot;unit&quot;:&quot;px&quot;,&quot;size&quot;:4,&quot;sizes&quot;:[]},&quot;background_motion_fx_translateY_affectedRange&quot;:{&quot;unit&quot;:&quot;%&quot;,&quot;size&quot;:&quot;&quot;,&quot;sizes&quot;:{&quot;start&quot;:0,&quot;end&quot;:100}},&quot;background_motion_fx_devices&quot;:[&quot;desktop&quot;,&quot;tablet&quot;,&quot;mobile&quot;]}\">\n\t\t<div class=\"elementor-element elementor-element-6312380 e-con-full e-flex e-con e-child\" data-id=\"6312380\" data-element_type=\"container\" data-e-type=\"container\" data-settings=\"{&quot;background_background&quot;:&quot;classic&quot;}\">\n\t\t\t\t<div class=\"elementor-element elementor-element-718d55b elementor-widget__width-initial elementor-widget elementor-widget-heading\" data-id=\"718d55b\" data-element_type=\"widget\" data-e-type=\"widget\" data-widget_type=\"heading.default\">\n\t\t\t\t<div class=\"elementor-widget-container\">\n\t\t\t\t\t<h1 class=\"elementor-heading-title elementor-size-default\">Servicios generales<\/h1>\t\t\t\t<\/div>\n\t\t\t\t<\/div>\n\t\t\t\t<div class=\"elementor-element elementor-element-4acd38e elementor-widget__width-initial elementor-widget elementor-widget-text-editor\" data-id=\"4acd38e\" data-element_type=\"widget\" data-e-type=\"widget\" data-widget_type=\"text-editor.default\">\n\t\t\t\t<div class=\"elementor-widget-container\">\n\t\t\t\t\t\t\t\t\t<p><i><span style=\"font-weight: 400;\">\u00abUn camino de vuelta a casa, donde la comprensi\u00f3n es el primer paso hacia la transformaci\u00f3n.\u00bb<\/span><\/i><\/p>\t\t\t\t\t\t\t\t<\/div>\n\t\t\t\t<\/div>\n\t\t\t\t<\/div>\n\t\t\t\t<\/div>\n\t\t<div class=\"elementor-element elementor-element-ad97c3b e-flex e-con-boxed e-con e-parent\" data-id=\"ad97c3b\" data-element_type=\"container\" data-e-type=\"container\" data-settings=\"{&quot;background_background&quot;:&quot;classic&quot;}\">\n\t\t\t\t\t<div class=\"e-con-inner\">\n\t\t<div class=\"elementor-element elementor-element-89cfb8c e-con-full e-flex e-con e-child\" data-id=\"89cfb8c\" data-element_type=\"container\" data-e-type=\"container\">\n\t\t\t\t<div class=\"elementor-element elementor-element-305f062 elementor-widget elementor-widget-heading\" data-id=\"305f062\" data-element_type=\"widget\" data-e-type=\"widget\" data-widget_type=\"heading.default\">\n\t\t\t\t<div class=\"elementor-widget-container\">\n\t\t\t\t\t<h2 class=\"elementor-heading-title elementor-size-default\">Terapia online<\/h2>\t\t\t\t<\/div>\n\t\t\t\t<\/div>\n\t\t\t\t<div class=\"elementor-element elementor-element-0bef6f6 elementor-widget elementor-widget-text-editor\" data-id=\"0bef6f6\" data-element_type=\"widget\" data-e-type=\"widget\" data-widget_type=\"text-editor.default\">\n\t\t\t\t<div class=\"elementor-widget-container\">\n\t\t\t\t\t\t\t\t\t<p><span style=\"font-weight: 400;\">La terapia online ha ido ganando adeptos en los \u00faltimos a\u00f1os gracias a la comodidad y flexibilidad que aporta.\u00a0 Es una buena opci\u00f3n para personas cuyos horarios son m\u00e1s complicados, para personas que no pueden desplazarse o para simplemente tener mayor comodidad a la hora de llegar al profesional que m\u00e1s se adapta a tus necesidades.<\/span><\/p>\t\t\t\t\t\t\t\t<\/div>\n\t\t\t\t<\/div>\n\t\t\t\t<div class=\"elementor-element elementor-element-4872dee elementor-widget elementor-widget-text-editor\" data-id=\"4872dee\" data-element_type=\"widget\" data-e-type=\"widget\" data-widget_type=\"text-editor.default\">\n\t\t\t\t<div class=\"elementor-widget-container\">\n\t\t\t\t\t\t\t\t\t<p><strong><i>\u00bfFunciona la terapia online?<\/i><\/strong><\/p>\t\t\t\t\t\t\t\t<\/div>\n\t\t\t\t<\/div>\n\t\t\t\t<div class=\"elementor-element elementor-element-ea127b5 elementor-widget elementor-widget-text-editor\" data-id=\"ea127b5\" data-element_type=\"widget\" data-e-type=\"widget\" data-widget_type=\"text-editor.default\">\n\t\t\t\t<div class=\"elementor-widget-container\">\n\t\t\t\t\t\t\t\t\t<p><span style=\"font-weight: 400;\">Los estudios han demostrado que la terapia online es igual de efectiva que la terapia presencial. Esta v\u00eda conlleva mayor flexibilidad y comodidad para el paciente y la metodolog\u00eda es igual que la presencial pues seguir\u00e1 siendo totalmente personalizada.<\/span><\/p>\t\t\t\t\t\t\t\t<\/div>\n\t\t\t\t<\/div>\n\t\t\t\t<div class=\"elementor-element elementor-element-3a69553 elementor-widget elementor-widget-spacer\" data-id=\"3a69553\" data-element_type=\"widget\" data-e-type=\"widget\" data-widget_type=\"spacer.default\">\n\t\t\t\t<div class=\"elementor-widget-container\">\n\t\t\t\t\t\t\t<div class=\"elementor-spacer\">\n\t\t\t<div class=\"elementor-spacer-inner\"><\/div>\n\t\t<\/div>\n\t\t\t\t\t\t<\/div>\n\t\t\t\t<\/div>\n\t\t\t\t<div class=\"elementor-element elementor-element-ecbeb27 elementor-mobile-align-center elementor-widget elementor-widget-button\" data-id=\"ecbeb27\" data-element_type=\"widget\" data-e-type=\"widget\" data-widget_type=\"button.default\">\n\t\t\t\t<div class=\"elementor-widget-container\">\n\t\t\t\t\t\t\t\t\t<div class=\"elementor-button-wrapper\">\n\t\t\t\t\t<a class=\"elementor-button elementor-button-link elementor-size-sm\" href=\"https:\/\/rodriguezpsicologa.adrirodrigoj3.es\/en\/servicios\/\">\n\t\t\t\t\t\t<span class=\"elementor-button-content-wrapper\">\n\t\t\t\t\t\t\t\t\t<span class=\"elementor-button-text\">Servicios<\/span>\n\t\t\t\t\t<\/span>\n\t\t\t\t\t<\/a>\n\t\t\t\t<\/div>\n\t\t\t\t\t\t\t\t<\/div>\n\t\t\t\t<\/div>\n\t\t\t\t<\/div>\n\t\t<div class=\"elementor-element elementor-element-42f40ed e-con-full e-flex e-con e-child\" data-id=\"42f40ed\" data-element_type=\"container\" data-e-type=\"container\" data-settings=\"{&quot;background_background&quot;:&quot;classic&quot;}\">\n\t\t\t\t<div class=\"elementor-element elementor-element-2358203 elementor-widget elementor-widget-spacer\" data-id=\"2358203\" data-element_type=\"widget\" data-e-type=\"widget\" data-widget_type=\"spacer.default\">\n\t\t\t\t<div class=\"elementor-widget-container\">\n\t\t\t\t\t\t\t<div class=\"elementor-spacer\">\n\t\t\t<div class=\"elementor-spacer-inner\"><\/div>\n\t\t<\/div>\n\t\t\t\t\t\t<\/div>\n\t\t\t\t<\/div>\n\t\t\t\t<\/div>\n\t\t\t\t\t<\/div>\n\t\t\t\t<\/div>\n\t\t<div class=\"elementor-element elementor-element-03c49a8 e-flex e-con-boxed e-con e-parent\" data-id=\"03c49a8\" data-element_type=\"container\" data-e-type=\"container\">\n\t\t\t\t\t<div class=\"e-con-inner\">\n\t\t\t\t<div class=\"elementor-element elementor-element-197fba5 elementor-widget elementor-widget-spacer\" data-id=\"197fba5\" data-element_type=\"widget\" data-e-type=\"widget\" data-widget_type=\"spacer.default\">\n\t\t\t\t<div class=\"elementor-widget-container\">\n\t\t\t\t\t\t\t<div class=\"elementor-spacer\">\n\t\t\t<div class=\"elementor-spacer-inner\"><\/div>\n\t\t<\/div>\n\t\t\t\t\t\t<\/div>\n\t\t\t\t<\/div>\n\t\t\t\t\t<\/div>\n\t\t\t\t<\/div>\n\t\t\t\t<\/div>\n\t\t","protected":false},"excerpt":{"rendered":"<p>Servicios generales \u00abUn camino de vuelta a casa, donde la comprensi\u00f3n es el primer paso hacia la transformaci\u00f3n.\u00bb Terapia online La terapia online ha ido ganando adeptos en los \u00faltimos a\u00f1os gracias a la comodidad y flexibilidad que aporta.\u00a0 Es una buena opci\u00f3n para personas cuyos horarios son m\u00e1s complicados, para personas que no pueden [&hellip;]<\/p>\n","protected":false},"author":7,"featured_media":0,"parent":0,"menu_order":0,"comment_status":"closed","ping_status":"closed","template":"elementor_header_footer","meta":{"footnotes":""},"class_list":["post-1476","page","type-page","status-publish","hentry"],"yoast_head":"<!-- This site is optimized with the Yoast SEO plugin v27.4 - https:\/\/yoast.com\/product\/yoast-seo-wordpress\/ -->\n<title>Terapia online - Rodriguez Psic\u00f3loga<\/title>\n<meta name=\"robots\" content=\"noindex, nofollow\" \/>\n<meta property=\"og:locale\" content=\"en_US\" \/>\n<meta property=\"og:type\" content=\"article\" \/>\n<meta property=\"og:title\" content=\"Terapia online - Rodriguez Psic\u00f3loga\" \/>\n<meta property=\"og:description\" content=\"Servicios generales \u00abUn camino de vuelta a casa, donde la comprensi\u00f3n es el primer paso hacia la transformaci\u00f3n.\u00bb Terapia online La terapia online ha ido ganando adeptos en los \u00faltimos a\u00f1os gracias a la comodidad y flexibilidad que aporta.\u00a0 Es una buena opci\u00f3n para personas cuyos horarios son m\u00e1s complicados, para personas que no pueden [&hellip;]\" \/>\n<meta property=\"og:url\" content=\"https:\/\/rodriguezpsicologa.adrirodrigoj3.es\/en\/terapia-online\/\" \/>\n<meta property=\"og:site_name\" content=\"Rodriguez Psic\u00f3loga\" \/>\n<meta property=\"article:modified_time\" content=\"2025-11-28T00:54:18+00:00\" \/>\n<meta name=\"twitter:card\" content=\"summary_large_image\" \/>\n<meta name=\"twitter:label1\" content=\"Est. reading time\" \/>\n\t<meta name=\"twitter:data1\" content=\"1 minute\" \/>\n<script type=\"application\/ld+json\" class=\"yoast-schema-graph\">{\"@context\":\"https:\\\/\\\/schema.org\",\"@graph\":[{\"@type\":\"WebPage\",\"@id\":\"https:\\\/\\\/rodriguezpsicologa.adrirodrigoj3.es\\\/terapia-online\\\/\",\"url\":\"https:\\\/\\\/rodriguezpsicologa.adrirodrigoj3.es\\\/terapia-online\\\/\",\"name\":\"Terapia online - Rodriguez Psic\u00f3loga\",\"isPartOf\":{\"@id\":\"https:\\\/\\\/rodriguezpsicologa.adrirodrigoj3.es\\\/#website\"},\"datePublished\":\"2025-11-28T00:28:35+00:00\",\"dateModified\":\"2025-11-28T00:54:18+00:00\",\"breadcrumb\":{\"@id\":\"https:\\\/\\\/rodriguezpsicologa.adrirodrigoj3.es\\\/terapia-online\\\/#breadcrumb\"},\"inLanguage\":\"en-US\",\"potentialAction\":[{\"@type\":\"ReadAction\",\"target\":[\"https:\\\/\\\/rodriguezpsicologa.adrirodrigoj3.es\\\/terapia-online\\\/\"]}]},{\"@type\":\"BreadcrumbList\",\"@id\":\"https:\\\/\\\/rodriguezpsicologa.adrirodrigoj3.es\\\/terapia-online\\\/#breadcrumb\",\"itemListElement\":[{\"@type\":\"ListItem\",\"position\":1,\"name\":\"Portada\",\"item\":\"https:\\\/\\\/rodriguezpsicologa.adrirodrigoj3.es\\\/\"},{\"@type\":\"ListItem\",\"position\":2,\"name\":\"Terapia online\"}]},{\"@type\":\"WebSite\",\"@id\":\"https:\\\/\\\/rodriguezpsicologa.adrirodrigoj3.es\\\/#website\",\"url\":\"https:\\\/\\\/rodriguezpsicologa.adrirodrigoj3.es\\\/\",\"name\":\"Rodriguez Psic\u00f3loga\",\"description\":\"\",\"potentialAction\":[{\"@type\":\"SearchAction\",\"target\":{\"@type\":\"EntryPoint\",\"urlTemplate\":\"https:\\\/\\\/rodriguezpsicologa.adrirodrigoj3.es\\\/?s={search_term_string}\"},\"query-input\":{\"@type\":\"PropertyValueSpecification\",\"valueRequired\":true,\"valueName\":\"search_term_string\"}}],\"inLanguage\":\"en-US\"}]}<\/script>\n<!-- \/ Yoast SEO plugin. -->","yoast_head_json":{"title":"Terapia online - Rodriguez Psic\u00f3loga","robots":{"index":"noindex","follow":"nofollow"},"og_locale":"en_US","og_type":"article","og_title":"Terapia online - Rodriguez Psic\u00f3loga","og_description":"Servicios generales \u00abUn camino de vuelta a casa, donde la comprensi\u00f3n es el primer paso hacia la transformaci\u00f3n.\u00bb Terapia online La terapia online ha ido ganando adeptos en los \u00faltimos a\u00f1os gracias a la comodidad y flexibilidad que aporta.\u00a0 Es una buena opci\u00f3n para personas cuyos horarios son m\u00e1s complicados, para personas que no pueden [&hellip;]","og_url":"https:\/\/rodriguezpsicologa.adrirodrigoj3.es\/en\/terapia-online\/","og_site_name":"Rodriguez Psic\u00f3loga","article_modified_time":"2025-11-28T00:54:18+00:00","twitter_card":"summary_large_image","twitter_misc":{"Est. reading time":"1 minute"},"schema":{"@context":"https:\/\/schema.org","@graph":[{"@type":"WebPage","@id":"https:\/\/rodriguezpsicologa.adrirodrigoj3.es\/terapia-online\/","url":"https:\/\/rodriguezpsicologa.adrirodrigoj3.es\/terapia-online\/","name":"Terapia online - Rodriguez Psic\u00f3loga","isPartOf":{"@id":"https:\/\/rodriguezpsicologa.adrirodrigoj3.es\/#website"},"datePublished":"2025-11-28T00:28:35+00:00","dateModified":"2025-11-28T00:54:18+00:00","breadcrumb":{"@id":"https:\/\/rodriguezpsicologa.adrirodrigoj3.es\/terapia-online\/#breadcrumb"},"inLanguage":"en-US","potentialAction":[{"@type":"ReadAction","target":["https:\/\/rodriguezpsicologa.adrirodrigoj3.es\/terapia-online\/"]}]},{"@type":"BreadcrumbList","@id":"https:\/\/rodriguezpsicologa.adrirodrigoj3.es\/terapia-online\/#breadcrumb","itemListElement":[{"@type":"ListItem","position":1,"name":"Portada","item":"https:\/\/rodriguezpsicologa.adrirodrigoj3.es\/"},{"@type":"ListItem","position":2,"name":"Terapia online"}]},{"@type":"WebSite","@id":"https:\/\/rodriguezpsicologa.adrirodrigoj3.es\/#website","url":"https:\/\/rodriguezpsicologa.adrirodrigoj3.es\/","name":"Rodriguez Psic\u00f3loga","description":"","potentialAction":[{"@type":"SearchAction","target":{"@type":"EntryPoint","urlTemplate":"https:\/\/rodriguezpsicologa.adrirodrigoj3.es\/?s={search_term_string}"},"query-input":{"@type":"PropertyValueSpecification","valueRequired":true,"valueName":"search_term_string"}}],"inLanguage":"en-US"}]}},"_links":{"self":[{"href":"https:\/\/rodriguezpsicologa.adrirodrigoj3.es\/en\/wp-json\/wp\/v2\/pages\/1476","targetHints":{"allow":["GET"]}}],"collection":[{"href":"https:\/\/rodriguezpsicologa.adrirodrigoj3.es\/en\/wp-json\/wp\/v2\/pages"}],"about":[{"href":"https:\/\/rodriguezpsicologa.adrirodrigoj3.es\/en\/wp-json\/wp\/v2\/types\/page"}],"author":[{"embeddable":true,"href":"https:\/\/rodriguezpsicologa.adrirodrigoj3.es\/en\/wp-json\/wp\/v2\/users\/7"}],"replies":[{"embeddable":true,"href":"https:\/\/rodriguezpsicologa.adrirodrigoj3.es\/en\/wp-json\/wp\/v2\/comments?post=1476"}],"version-history":[{"count":7,"href":"https:\/\/rodriguezpsicologa.adrirodrigoj3.es\/en\/wp-json\/wp\/v2\/pages\/1476\/revisions"}],"predecessor-version":[{"id":1526,"href":"https:\/\/rodriguezpsicologa.adrirodrigoj3.es\/en\/wp-json\/wp\/v2\/pages\/1476\/revisions\/1526"}],"wp:attachment":[{"href":"https:\/\/rodriguezpsicologa.adrirodrigoj3.es\/en\/wp-json\/wp\/v2\/media?parent=1476"}],"curies":[{"name":"wp","href":"https:\/\/api.w.org\/{rel}","templated":true}]}}