{"id":12,"date":"2025-06-19T16:51:56","date_gmt":"2025-06-19T14:51:56","guid":{"rendered":"https:\/\/rodriguezpsicologa.adrirodrigoj3.es\/?page_id=12"},"modified":"2025-10-30T04:24:49","modified_gmt":"2025-10-30T03:24:49","slug":"cookies","status":"publish","type":"page","link":"https:\/\/rodriguezpsicologa.adrirodrigoj3.es\/en\/cookies\/","title":{"rendered":"Pol\u00edtica de cookies"},"content":{"rendered":"<style>.elementor-12 .elementor-element.elementor-element-94fcc19{--display:flex;--flex-direction:column;--container-widget-width:100%;--container-widget-height:initial;--container-widget-flex-grow:0;--container-widget-align-self:initial;--flex-wrap-mobile:wrap;}.elementor-12 .elementor-element.elementor-element-c9b96ae{text-align:center;}.elementor-12 .elementor-element.elementor-element-c9b96ae .elementor-heading-title{font-size:60px;}.elementor-12 .elementor-element.elementor-element-c9b96ae > .elementor-widget-container{padding:80px 0px 0px 0px;}<\/style>\t\t<div data-elementor-type=\"wp-page\" data-elementor-id=\"12\" class=\"elementor elementor-12\" data-elementor-post-type=\"page\">\n\t\t\t\t<div class=\"elementor-element elementor-element-94fcc19 e-flex e-con-boxed e-con e-parent\" data-id=\"94fcc19\" data-element_type=\"container\" data-e-type=\"container\">\n\t\t\t\t\t<div class=\"e-con-inner\">\n\t\t\t\t<div class=\"elementor-element elementor-element-c9b96ae elementor-widget elementor-widget-heading\" data-id=\"c9b96ae\" data-element_type=\"widget\" data-e-type=\"widget\" data-widget_type=\"heading.default\">\n\t\t\t\t<div class=\"elementor-widget-container\">\n\t\t\t\t\t<h2 class=\"elementor-heading-title elementor-size-default\">Pol\u00edtica de cookies<\/h2>\t\t\t\t<\/div>\n\t\t\t\t<\/div>\n\t\t\t\t\t<\/div>\n\t\t\t\t<\/div>\n\t\t\t\t<\/div>","protected":false},"excerpt":{"rendered":"<p>Pol\u00edtica de cookies<\/p>","protected":false},"author":2,"featured_media":0,"parent":0,"menu_order":0,"comment_status":"closed","ping_status":"closed","template":"","meta":{"footnotes":""},"class_list":["post-12","page","type-page","status-publish","hentry"],"yoast_head":"<!-- This site is optimized with the Yoast SEO plugin v27.4 - https:\/\/yoast.com\/product\/yoast-seo-wordpress\/ -->\n<title>Pol\u00edtica de cookies - Rodriguez Psic\u00f3loga<\/title>\n<meta name=\"robots\" content=\"noindex, nofollow\" \/>\n<meta property=\"og:locale\" content=\"en_US\" \/>\n<meta property=\"og:type\" content=\"article\" \/>\n<meta property=\"og:title\" content=\"Pol\u00edtica de cookies - Rodriguez Psic\u00f3loga\" \/>\n<meta property=\"og:description\" content=\"Pol\u00edtica de cookies\" \/>\n<meta property=\"og:url\" content=\"https:\/\/rodriguezpsicologa.adrirodrigoj3.es\/en\/cookies\/\" \/>\n<meta property=\"og:site_name\" content=\"Rodriguez Psic\u00f3loga\" \/>\n<meta property=\"article:modified_time\" content=\"2025-10-30T03:24:49+00:00\" \/>\n<meta name=\"twitter:card\" content=\"summary_large_image\" \/>\n<meta name=\"twitter:label1\" content=\"Est. reading time\" \/>\n\t<meta name=\"twitter:data1\" content=\"1 minute\" \/>\n<script type=\"application\/ld+json\" class=\"yoast-schema-graph\">{\"@context\":\"https:\\\/\\\/schema.org\",\"@graph\":[{\"@type\":\"WebPage\",\"@id\":\"https:\\\/\\\/rodriguezpsicologa.adrirodrigoj3.es\\\/cookies\\\/\",\"url\":\"https:\\\/\\\/rodriguezpsicologa.adrirodrigoj3.es\\\/cookies\\\/\",\"name\":\"Pol\u00edtica de cookies - Rodriguez Psic\u00f3loga\",\"isPartOf\":{\"@id\":\"https:\\\/\\\/rodriguezpsicologa.adrirodrigoj3.es\\\/#website\"},\"datePublished\":\"2025-06-19T14:51:56+00:00\",\"dateModified\":\"2025-10-30T03:24:49+00:00\",\"breadcrumb\":{\"@id\":\"https:\\\/\\\/rodriguezpsicologa.adrirodrigoj3.es\\\/cookies\\\/#breadcrumb\"},\"inLanguage\":\"en-US\",\"potentialAction\":[{\"@type\":\"ReadAction\",\"target\":[\"https:\\\/\\\/rodriguezpsicologa.adrirodrigoj3.es\\\/cookies\\\/\"]}]},{\"@type\":\"BreadcrumbList\",\"@id\":\"https:\\\/\\\/rodriguezpsicologa.adrirodrigoj3.es\\\/cookies\\\/#breadcrumb\",\"itemListElement\":[{\"@type\":\"ListItem\",\"position\":1,\"name\":\"Portada\",\"item\":\"https:\\\/\\\/rodriguezpsicologa.adrirodrigoj3.es\\\/\"},{\"@type\":\"ListItem\",\"position\":2,\"name\":\"Pol\u00edtica de cookies\"}]},{\"@type\":\"WebSite\",\"@id\":\"https:\\\/\\\/rodriguezpsicologa.adrirodrigoj3.es\\\/#website\",\"url\":\"https:\\\/\\\/rodriguezpsicologa.adrirodrigoj3.es\\\/\",\"name\":\"Rodriguez Psic\u00f3loga\",\"description\":\"\",\"potentialAction\":[{\"@type\":\"SearchAction\",\"target\":{\"@type\":\"EntryPoint\",\"urlTemplate\":\"https:\\\/\\\/rodriguezpsicologa.adrirodrigoj3.es\\\/?s={search_term_string}\"},\"query-input\":{\"@type\":\"PropertyValueSpecification\",\"valueRequired\":true,\"valueName\":\"search_term_string\"}}],\"inLanguage\":\"en-US\"}]}<\/script>\n<!-- \/ Yoast SEO plugin. -->","yoast_head_json":{"title":"Pol\u00edtica de cookies - Rodriguez Psic\u00f3loga","robots":{"index":"noindex","follow":"nofollow"},"og_locale":"en_US","og_type":"article","og_title":"Pol\u00edtica de cookies - Rodriguez Psic\u00f3loga","og_description":"Pol\u00edtica de cookies","og_url":"https:\/\/rodriguezpsicologa.adrirodrigoj3.es\/en\/cookies\/","og_site_name":"Rodriguez Psic\u00f3loga","article_modified_time":"2025-10-30T03:24:49+00:00","twitter_card":"summary_large_image","twitter_misc":{"Est. reading time":"1 minute"},"schema":{"@context":"https:\/\/schema.org","@graph":[{"@type":"WebPage","@id":"https:\/\/rodriguezpsicologa.adrirodrigoj3.es\/cookies\/","url":"https:\/\/rodriguezpsicologa.adrirodrigoj3.es\/cookies\/","name":"Pol\u00edtica de cookies - Rodriguez Psic\u00f3loga","isPartOf":{"@id":"https:\/\/rodriguezpsicologa.adrirodrigoj3.es\/#website"},"datePublished":"2025-06-19T14:51:56+00:00","dateModified":"2025-10-30T03:24:49+00:00","breadcrumb":{"@id":"https:\/\/rodriguezpsicologa.adrirodrigoj3.es\/cookies\/#breadcrumb"},"inLanguage":"en-US","potentialAction":[{"@type":"ReadAction","target":["https:\/\/rodriguezpsicologa.adrirodrigoj3.es\/cookies\/"]}]},{"@type":"BreadcrumbList","@id":"https:\/\/rodriguezpsicologa.adrirodrigoj3.es\/cookies\/#breadcrumb","itemListElement":[{"@type":"ListItem","position":1,"name":"Portada","item":"https:\/\/rodriguezpsicologa.adrirodrigoj3.es\/"},{"@type":"ListItem","position":2,"name":"Pol\u00edtica de cookies"}]},{"@type":"WebSite","@id":"https:\/\/rodriguezpsicologa.adrirodrigoj3.es\/#website","url":"https:\/\/rodriguezpsicologa.adrirodrigoj3.es\/","name":"Rodriguez Psic\u00f3loga","description":"","potentialAction":[{"@type":"SearchAction","target":{"@type":"EntryPoint","urlTemplate":"https:\/\/rodriguezpsicologa.adrirodrigoj3.es\/?s={search_term_string}"},"query-input":{"@type":"PropertyValueSpecification","valueRequired":true,"valueName":"search_term_string"}}],"inLanguage":"en-US"}]}},"_links":{"self":[{"href":"https:\/\/rodriguezpsicologa.adrirodrigoj3.es\/en\/wp-json\/wp\/v2\/pages\/12","targetHints":{"allow":["GET"]}}],"collection":[{"href":"https:\/\/rodriguezpsicologa.adrirodrigoj3.es\/en\/wp-json\/wp\/v2\/pages"}],"about":[{"href":"https:\/\/rodriguezpsicologa.adrirodrigoj3.es\/en\/wp-json\/wp\/v2\/types\/page"}],"author":[{"embeddable":true,"href":"https:\/\/rodriguezpsicologa.adrirodrigoj3.es\/en\/wp-json\/wp\/v2\/users\/2"}],"replies":[{"embeddable":true,"href":"https:\/\/rodriguezpsicologa.adrirodrigoj3.es\/en\/wp-json\/wp\/v2\/comments?post=12"}],"version-history":[{"count":5,"href":"https:\/\/rodriguezpsicologa.adrirodrigoj3.es\/en\/wp-json\/wp\/v2\/pages\/12\/revisions"}],"predecessor-version":[{"id":133,"href":"https:\/\/rodriguezpsicologa.adrirodrigoj3.es\/en\/wp-json\/wp\/v2\/pages\/12\/revisions\/133"}],"wp:attachment":[{"href":"https:\/\/rodriguezpsicologa.adrirodrigoj3.es\/en\/wp-json\/wp\/v2\/media?parent=12"}],"curies":[{"name":"wp","href":"https:\/\/api.w.org\/{rel}","templated":true}]}}